{"id":9,"date":"2013-09-29T19:16:02","date_gmt":"2013-09-29T19:16:02","guid":{"rendered":"http:\/\/www.centro-reparacao-pesados.com\/inicio\/?page_id=9"},"modified":"2024-04-03T19:07:53","modified_gmt":"2024-04-03T19:07:53","slug":"assistencia-24h-portugal-continental-e-estrangeiro","status":"publish","type":"page","link":"https:\/\/www.centro-reparacao-pesados.com\/inicio\/","title":{"rendered":"CRP   &#8211;   CENTRO   REPARA\u00c7\u00d5ES   PESADOS"},"content":{"rendered":"<p style=\"text-align: center;\" align=\"center\"><span style=\"color: #000000;\"><strong><span style=\"font-family: 'comic sans ms', sans-serif; font-size: x-large;\">SOS 24H &#8211; Portugal e Estrangeiro <\/span><\/strong><\/span><\/p>\n<p style=\"text-align: center;\" align=\"center\"><span style=\"color: #000000;\"><strong><span style=\"font-family: 'comic sans ms', sans-serif; font-size: x-large;\">LIGUE\u00a0 T.\u00a0 <span style=\"font-size: small;\"><span style=\"font-family: 'arial black', 'avant garde';\">910305590 JG&amp;<\/span><span style=\"font-family: 'arial black', 'avant garde';\">BP TRUCKS LDA<\/span><\/span><\/span><\/strong><\/span><\/p>\n<p align=\"center\">[MK-SLIDER id=&#8221;92&#8243;]<\/p>\n<p style=\"text-align: center;\" align=\"center\"><span style=\"color: #000000; font-size: large;\"><span style=\"font-family: 'arial black', 'avant garde';\"><strong>\u00a0<\/strong><\/span><span style=\"font-family: 'arial black', 'avant garde';\"><strong>GPS: \u00a0 38.4941N\u00a0 -8.7985 W<\/strong><\/span><\/span><\/p>\n<p style=\"text-align: center;\" align=\"center\"><span style=\"font-family: 'arial black', 'avant garde'; font-size: large;\">AO COMPROMISSO DA MANUTEN\u00c7\u00c3O E REPARA\u00c7\u00c3O<\/span><\/p>\n<p style=\"text-align: center;\" align=\"center\"><span style=\"font-family: 'arial black', 'avant garde'; font-size: large;\">\u00a0<\/span><span style=\"font-family: 'arial black', 'avant garde'; font-size: large;\"><span style=\"color: #ff6600; font-size: xx-large;\">DESDE 1998<\/span><\/span><\/p>\n<p style=\"text-align: center;\" align=\"center\"><span style=\"font-family: 'arial black', 'avant garde'; font-size: xx-large; color: #ff6600;\">COMPET\u00caNCIA e EXCEL\u00caNCIA<\/span><\/p>\n","protected":false},"excerpt":{"rendered":"<p>SOS 24H &#8211; Portugal e Estrangeiro LIGUE\u00a0 T.\u00a0 910305590 JG&amp;BP TRUCKS LDA [MK-SLIDER id=&#8221;92&#8243;] \u00a0GPS: \u00a0 38.4941N\u00a0 -8.7985 W AO COMPROMISSO DA MANUTEN\u00c7\u00c3O E REPARA\u00c7\u00c3O \u00a0DESDE 1998 COMPET\u00caNCIA e EXCEL\u00caNCIA<\/p>\n","protected":false},"author":1,"featured_media":44,"parent":0,"menu_order":0,"comment_status":"open","ping_status":"open","template":"page-templates\/full-width.php","meta":{"footnotes":""},"class_list":["post-9","page","type-page","status-publish","has-post-thumbnail","hentry"],"_links":{"self":[{"href":"https:\/\/www.centro-reparacao-pesados.com\/inicio\/wp-json\/wp\/v2\/pages\/9","targetHints":{"allow":["GET"]}}],"collection":[{"href":"https:\/\/www.centro-reparacao-pesados.com\/inicio\/wp-json\/wp\/v2\/pages"}],"about":[{"href":"https:\/\/www.centro-reparacao-pesados.com\/inicio\/wp-json\/wp\/v2\/types\/page"}],"author":[{"embeddable":true,"href":"https:\/\/www.centro-reparacao-pesados.com\/inicio\/wp-json\/wp\/v2\/users\/1"}],"replies":[{"embeddable":true,"href":"https:\/\/www.centro-reparacao-pesados.com\/inicio\/wp-json\/wp\/v2\/comments?post=9"}],"version-history":[{"count":36,"href":"https:\/\/www.centro-reparacao-pesados.com\/inicio\/wp-json\/wp\/v2\/pages\/9\/revisions"}],"predecessor-version":[{"id":349,"href":"https:\/\/www.centro-reparacao-pesados.com\/inicio\/wp-json\/wp\/v2\/pages\/9\/revisions\/349"}],"wp:featuredmedia":[{"embeddable":true,"href":"https:\/\/www.centro-reparacao-pesados.com\/inicio\/wp-json\/wp\/v2\/media\/44"}],"wp:attachment":[{"href":"https:\/\/www.centro-reparacao-pesados.com\/inicio\/wp-json\/wp\/v2\/media?parent=9"}],"curies":[{"name":"wp","href":"https:\/\/api.w.org\/{rel}","templated":true}]}}