{"id":291,"date":"2018-01-28T18:11:54","date_gmt":"2018-01-28T18:11:54","guid":{"rendered":"http:\/\/www.centro-reparacao-pesados.com\/inicio\/?page_id=291"},"modified":"2020-05-24T22:32:07","modified_gmt":"2020-05-24T22:32:07","slug":"campanha","status":"publish","type":"page","link":"https:\/\/www.centro-reparacao-pesados.com\/inicio\/campanha","title":{"rendered":"CAMPANHA DE ANIVERS\u00c1RIO"},"content":{"rendered":"<p style=\"text-align: center;\"><span style=\"color: #ff6600; font-size: 24pt;\"><span style=\"color: #993300;\"><strong>VENHA \u00c1 CRP PORQUE QUEM GANHA \u00c9 VOC\u00ca<\/strong>\u00a0<\/span><\/span><\/p>\n<p style=\"text-align: center;\"><span style=\"color: #ff6600; font-size: 24pt;\"><span style=\"color: #993300;\"><strong>-CAMPANHA &#8211;\u00a0<\/strong><\/span><\/span><\/p>\n<p style=\"text-align: center;\"><span style=\"font-size: 18pt; color: #ff6600;\"><strong><span style=\"background-color: #ffffff; font-family: arial, helvetica, sans-serif;\">ESTA\u00c7\u00c3O SERVI\u00c7OS GERAL &#8211; LAVAGEM MOTOR<\/span><\/strong><\/span><\/p>\n<p style=\"text-align: center;\"><span style=\"font-size: 18pt; color: #ff6600;\"><strong><span style=\"background-color: #ffffff; font-family: arial, helvetica, sans-serif;\">PNEUS PESADOS &#8211; REBOQUES<\/span><\/strong><\/span><\/p>\n<p style=\"text-align: center;\"><span style=\"font-size: 18pt; color: #ff6600;\"><strong><span style=\"text-decoration: underline;\"><span style=\"background-color: #ffffff; font-family: arial, helvetica, sans-serif;\">GPS<\/span><\/span><span style=\"background-color: #ffffff; font-family: arial, helvetica, sans-serif;\"> &#8211; INSTALA\u00c7\u00c3O \/ GEST\u00c3O \/ LOCALIZA\u00c7\u00c3O<\/span><\/strong><\/span><\/p>\n<p style=\"text-align: center;\"><span style=\"font-size: 18pt; color: #ff6600;\"><strong><span style=\"background-color: #ffffff; font-family: arial, helvetica, sans-serif;\">LIGUE\u00a0 J\u00c1\u00a0 \u00a0265790982\u00a0 <\/span><\/strong><\/span><\/p>\n<p style=\"text-align: center;\"><span style=\"font-size: 18pt; color: #ff6600;\"><strong><span style=\"background-color: #ffffff; font-family: arial, helvetica, sans-serif;\">SOLICITE O SEU OR\u00c7AMENTO<\/span><\/strong><\/span><\/p>\n<p style=\"text-align: center;\"><strong><span style=\"font-size: 8pt; color: #ff6600;\"><span style=\"background-color: #ffffff; font-family: arial, helvetica, sans-serif;\">CAMPANHA AT\u00c9 PERFAZER N\u00ba DE OFERTAS OU DATA LIMITE<\/span><\/span><\/strong><\/p>\n<p>&nbsp;<\/p>\n","protected":false},"excerpt":{"rendered":"<p>VENHA \u00c1 CRP PORQUE QUEM GANHA \u00c9 VOC\u00ca\u00a0 -CAMPANHA &#8211;\u00a0 ESTA\u00c7\u00c3O SERVI\u00c7OS GERAL &#8211; LAVAGEM MOTOR PNEUS PESADOS &#8211; REBOQUES GPS &#8211; INSTALA\u00c7\u00c3O \/ GEST\u00c3O \/ LOCALIZA\u00c7\u00c3O LIGUE\u00a0 J\u00c1\u00a0 \u00a0265790982\u00a0 SOLICITE O SEU OR\u00c7AMENTO CAMPANHA AT\u00c9 PERFAZER N\u00ba DE OFERTAS OU DATA LIMITE &nbsp;<\/p>\n","protected":false},"author":1,"featured_media":0,"parent":0,"menu_order":0,"comment_status":"closed","ping_status":"closed","template":"page-templates\/full-width.php","meta":{"footnotes":""},"class_list":["post-291","page","type-page","status-publish","hentry"],"_links":{"self":[{"href":"https:\/\/www.centro-reparacao-pesados.com\/inicio\/wp-json\/wp\/v2\/pages\/291","targetHints":{"allow":["GET"]}}],"collection":[{"href":"https:\/\/www.centro-reparacao-pesados.com\/inicio\/wp-json\/wp\/v2\/pages"}],"about":[{"href":"https:\/\/www.centro-reparacao-pesados.com\/inicio\/wp-json\/wp\/v2\/types\/page"}],"author":[{"embeddable":true,"href":"https:\/\/www.centro-reparacao-pesados.com\/inicio\/wp-json\/wp\/v2\/users\/1"}],"replies":[{"embeddable":true,"href":"https:\/\/www.centro-reparacao-pesados.com\/inicio\/wp-json\/wp\/v2\/comments?post=291"}],"version-history":[{"count":23,"href":"https:\/\/www.centro-reparacao-pesados.com\/inicio\/wp-json\/wp\/v2\/pages\/291\/revisions"}],"predecessor-version":[{"id":335,"href":"https:\/\/www.centro-reparacao-pesados.com\/inicio\/wp-json\/wp\/v2\/pages\/291\/revisions\/335"}],"wp:attachment":[{"href":"https:\/\/www.centro-reparacao-pesados.com\/inicio\/wp-json\/wp\/v2\/media?parent=291"}],"curies":[{"name":"wp","href":"https:\/\/api.w.org\/{rel}","templated":true}]}}