{"id":2,"date":"2013-09-29T18:52:07","date_gmt":"2013-09-29T18:52:07","guid":{"rendered":"http:\/\/www.centro-reparacao-pesados.com\/inicio\/?page_id=2"},"modified":"2020-05-24T22:29:25","modified_gmt":"2020-05-24T22:29:25","slug":"sample-page","status":"publish","type":"page","link":"https:\/\/www.centro-reparacao-pesados.com\/inicio\/sample-page","title":{"rendered":"Quem Somos"},"content":{"rendered":"<p style=\"text-align: justify;\"><span style=\"font-size: medium; line-height: 19px; font-family: 'times new roman', times;\">O nosso Centro de Repara\u00e7\u00e3o de Pesados (C.R.P.) foi fundado em Fevereiro de 1998, tendo inicialmente a denomina\u00e7\u00e3o de A. &amp; E. \u2013 Repara\u00e7\u00f5es de Pesados, Lda.\u00a0<\/span><span style=\"font-size: medium; line-height: 19px; font-family: 'times new roman', times;\">Ao longo destes anos tivemos como prioridade a implementa\u00e7\u00e3o e a especializa\u00e7\u00e3o de novos servi\u00e7os. Hoje oferecemos um conjunto de servi\u00e7os que nos permite dar uma resposta positiva e r\u00e1pida \u00e0s necessidades dos nossos clientes. \u00c9 nossa miss\u00e3o prestar servi\u00e7os de qualidade e manter a confian\u00e7a, a que j\u00e1 habituamos os nossos fi\u00e9is clientes, se poss\u00edvel excedendo-nos a cada interven\u00e7\u00e3o. Trabalhamos com base numa pol\u00edtica de transpar\u00eancia e honestidade, de forma a que os nossos clientes possam sentir-se seguros em todos os processos da nossa actua\u00e7\u00e3o. Compostos por uma equipa de profissionais competentes e extremamente experientes, empenhamo-nos diariamente para que cada repara\u00e7\u00e3o seja efectuada com maior precis\u00e3o que a anterior, estando em constante melhoramento. Recentemente houve uma reestrutura\u00e7\u00e3o em toda a imagem corporativa, o que possibilita o renascimento da nossa empresa, no entanto, todos os profissionais foram mantidos, pois consideramos estes a grande mais-valia do nosso centro.<\/span><\/p>\n","protected":false},"excerpt":{"rendered":"<p>O nosso Centro de Repara\u00e7\u00e3o de Pesados (C.R.P.) foi fundado em Fevereiro de 1998, tendo inicialmente a denomina\u00e7\u00e3o de A. &amp; E. \u2013 Repara\u00e7\u00f5es de Pesados, Lda.\u00a0Ao longo destes anos tivemos como prioridade a implementa\u00e7\u00e3o e a especializa\u00e7\u00e3o de novos servi\u00e7os. Hoje oferecemos um conjunto de servi\u00e7os que nos permite dar uma resposta positiva e\u2026 <span class=\"read-more\"><a href=\"https:\/\/www.centro-reparacao-pesados.com\/inicio\/sample-page\">Read More &raquo;<\/a><\/span><\/p>\n","protected":false},"author":1,"featured_media":0,"parent":0,"menu_order":0,"comment_status":"open","ping_status":"open","template":"page-templates\/full-width.php","meta":{"footnotes":""},"class_list":["post-2","page","type-page","status-publish","hentry"],"_links":{"self":[{"href":"https:\/\/www.centro-reparacao-pesados.com\/inicio\/wp-json\/wp\/v2\/pages\/2","targetHints":{"allow":["GET"]}}],"collection":[{"href":"https:\/\/www.centro-reparacao-pesados.com\/inicio\/wp-json\/wp\/v2\/pages"}],"about":[{"href":"https:\/\/www.centro-reparacao-pesados.com\/inicio\/wp-json\/wp\/v2\/types\/page"}],"author":[{"embeddable":true,"href":"https:\/\/www.centro-reparacao-pesados.com\/inicio\/wp-json\/wp\/v2\/users\/1"}],"replies":[{"embeddable":true,"href":"https:\/\/www.centro-reparacao-pesados.com\/inicio\/wp-json\/wp\/v2\/comments?post=2"}],"version-history":[{"count":7,"href":"https:\/\/www.centro-reparacao-pesados.com\/inicio\/wp-json\/wp\/v2\/pages\/2\/revisions"}],"predecessor-version":[{"id":334,"href":"https:\/\/www.centro-reparacao-pesados.com\/inicio\/wp-json\/wp\/v2\/pages\/2\/revisions\/334"}],"wp:attachment":[{"href":"https:\/\/www.centro-reparacao-pesados.com\/inicio\/wp-json\/wp\/v2\/media?parent=2"}],"curies":[{"name":"wp","href":"https:\/\/api.w.org\/{rel}","templated":true}]}}